{"id":37310,"date":"2021-09-03T18:16:58","date_gmt":"2021-09-03T15:16:58","guid":{"rendered":"https:\/\/dermalcosmetics.com\/?post_type=product&#038;p=37310"},"modified":"2022-12-15T00:39:15","modified_gmt":"2022-12-14T22:39:15","slug":"juvederm-voluma-2-x-1ml","status":"publish","type":"product","link":"https:\/\/dermalcosmetics.com\/fr\/produit\/juvederm-voluma-2-x-1ml\/","title":{"rendered":"Juv\u00e9derm Voluma (2 x 1ml)"},"content":{"rendered":"<h3>Comment Juvederm Voluma rajeunit le visage ?<\/h3>\n<p>En vieillissant, nous commen\u00e7ons progressivement \u00e0 perdre de la graisse sous la peau de notre visage. Cela entra\u00eene une perte de volume et, \u00e0 son tour, peut provoquer un affaissement de la peau. Juvederm Voluma est con\u00e7u pour ajouter du volume aux tissus mous sous la peau. Ce faisant, il donne au visage une apparence plus pleine et plus jeune. Cette <strong>r\u00e9duit l&#039;affaissement<\/strong> et am\u00e9liore consid\u00e9rablement le contour du visage.<\/p>\n<p>Le principal ingr\u00e9dient actif de ce produit est l&#039;acide hyaluronique (HA), une substance naturellement pr\u00e9sente dans le corps humain. HA <u>rajeunit la peau en l&#039;hydratant<\/u>. Lorsque l&#039;\u00e9quilibre hydro du derme est r\u00e9tabli, le visage devient plus lisse. Aussi, son \u00e9lasticit\u00e9 et sa tonicit\u00e9 sont consid\u00e9rablement boost\u00e9es.<\/p>\n<ul>\n<li>Correction de l&#039;affaissement du visage<\/li>\n<li>Restauration du volume perdu<\/li>\n<li>Augmentation du volume du visage<\/li>\n<li>Hydratation de la peau et optimisation de l&#039;\u00e9quilibre hydro<\/li>\n<li>Red\u00e9finition du contour du visage<\/li>\n<\/ul>\n<h3>Application<\/h3>\n<p>Juvederm Voluma d&#039;Allergan s&#039;applique en profondeur sous la peau soit <em>par injection suprap\u00e9riost\u00e9e ou sous-cutan\u00e9e<\/em>. Pour un plus grand confort du patient, les praticiens peuvent administrer un anesth\u00e9sique local peu de temps avant l&#039;injection. Cela engourdira efficacement la douleur et d&#039;autres sensations d\u00e9sagr\u00e9ables. Le produit peut \u00eatre appliqu\u00e9 sur les zones suivantes :<\/p>\n<ul>\n<li>Menton<\/li>\n<li>M\u00e2choire<\/li>\n<li>Pommettes<\/li>\n<li>Des joues<\/li>\n<\/ul>","protected":false},"excerpt":{"rendered":"<p>Con\u00e7u et fabriqu\u00e9 par Allergan, Juvederm Voluma est un produit de comblement cutan\u00e9 avanc\u00e9 \u00e0 base d&#039;acide hyaluronique purifi\u00e9. Approuv\u00e9 par la FDA, ce produit injectable est appliqu\u00e9 sur la zone m\u00e9diane du visage pour <em>am\u00e9liorer ou restaurer le volume perdu sous la peau<\/em>. Le traitement am\u00e9liore efficacement la forme et l&#039;ovale du visage pendant un maximum de 18 mois. Ce produit de rajeunissement de la peau de confiance peut \u00e9galement am\u00e9liorer le contour du visage en ajoutant de la d\u00e9finition \u00e0 la m\u00e2choire.<\/p>","protected":false},"featured_media":37325,"comment_status":"closed","ping_status":"closed","template":"","meta":[],"product_brand":[],"product_cat":[145,207,188],"product_tag":[208],"class_list":{"0":"post-37310","1":"product","2":"type-product","3":"status-publish","4":"has-post-thumbnail","6":"product_cat-dermal-fillers","7":"product_cat-holiday-sale","8":"product_cat-juvederm","9":"product_tag-208","12":"first","13":"instock","14":"sale","15":"taxable","16":"shipping-taxable","17":"purchasable","18":"product-type-simple"},"yoast_head":"<!-- This site is optimized with the Yoast SEO plugin v27.3 - https:\/\/yoast.com\/product\/yoast-seo-wordpress\/ -->\n<title>Juvederm Voluma (2 x 1ml) - Dermal Cosmetics<\/title>\n<meta name=\"description\" content=\"FDA-approved Juvederm Voluma enhances and restores volume under the skin to rejuvenate the face. HA filler Juvederm Voluma redefines the facial contour.\" \/>\n<meta name=\"robots\" content=\"index, follow, max-snippet:-1, max-image-preview:large, max-video-preview:-1\" \/>\n<link rel=\"canonical\" href=\"https:\/\/dermalcosmetics.com\/fr\/produit\/juvederm-voluma-2-x-1ml\/\" \/>\n<meta property=\"og:locale\" content=\"fr_FR\" \/>\n<meta property=\"og:type\" content=\"article\" \/>\n<meta property=\"og:title\" content=\"Juvederm Voluma (2 x 1ml) - Dermal Cosmetics\" \/>\n<meta property=\"og:description\" content=\"FDA-approved Juvederm Voluma enhances and restores volume under the skin to rejuvenate the face. HA filler Juvederm Voluma redefines the facial contour.\" \/>\n<meta property=\"og:url\" content=\"https:\/\/dermalcosmetics.com\/fr\/produit\/juvederm-voluma-2-x-1ml\/\" \/>\n<meta property=\"og:site_name\" content=\"Dermal Cosmetics\" \/>\n<meta property=\"article:modified_time\" content=\"2022-12-14T22:39:15+00:00\" \/>\n<meta property=\"og:image\" content=\"https:\/\/cdn.dermalcosmetics.com\/wp-content\/uploads\/2021\/09\/Juvederm-Voluma.jpg\" \/>\n\t<meta property=\"og:image:width\" content=\"600\" \/>\n\t<meta property=\"og:image:height\" content=\"600\" \/>\n\t<meta property=\"og:image:type\" content=\"image\/jpeg\" \/>\n<meta name=\"twitter:card\" content=\"summary_large_image\" \/>\n<meta name=\"twitter:label1\" content=\"Dur\u00e9e de lecture estim\u00e9e\" \/>\n\t<meta name=\"twitter:data1\" content=\"1 minute\" \/>\n<script type=\"application\/ld+json\" class=\"yoast-schema-graph\">{\"@context\":\"https:\\\/\\\/schema.org\",\"@graph\":[{\"@type\":\"WebPage\",\"@id\":\"https:\\\/\\\/dermalcosmetics.com\\\/product\\\/juvederm-voluma-2-x-1ml\\\/\",\"url\":\"https:\\\/\\\/dermalcosmetics.com\\\/product\\\/juvederm-voluma-2-x-1ml\\\/\",\"name\":\"Juvederm Voluma (2 x 1ml) - Dermal Cosmetics\",\"isPartOf\":{\"@id\":\"https:\\\/\\\/dermalcosmetics.com\\\/#website\"},\"primaryImageOfPage\":{\"@id\":\"https:\\\/\\\/dermalcosmetics.com\\\/product\\\/juvederm-voluma-2-x-1ml\\\/#primaryimage\"},\"image\":{\"@id\":\"https:\\\/\\\/dermalcosmetics.com\\\/product\\\/juvederm-voluma-2-x-1ml\\\/#primaryimage\"},\"thumbnailUrl\":\"https:\\\/\\\/dermalcosmetics.com\\\/wp-content\\\/uploads\\\/2021\\\/09\\\/Juvederm-Voluma.jpg\",\"datePublished\":\"2021-09-03T15:16:58+00:00\",\"dateModified\":\"2022-12-14T22:39:15+00:00\",\"description\":\"FDA-approved Juvederm Voluma enhances and restores volume under the skin to rejuvenate the face. HA filler Juvederm Voluma redefines the facial contour.\",\"breadcrumb\":{\"@id\":\"https:\\\/\\\/dermalcosmetics.com\\\/product\\\/juvederm-voluma-2-x-1ml\\\/#breadcrumb\"},\"inLanguage\":\"fr-FR\",\"potentialAction\":[{\"@type\":\"ReadAction\",\"target\":[\"https:\\\/\\\/dermalcosmetics.com\\\/product\\\/juvederm-voluma-2-x-1ml\\\/\"]}]},{\"@type\":\"ImageObject\",\"inLanguage\":\"fr-FR\",\"@id\":\"https:\\\/\\\/dermalcosmetics.com\\\/product\\\/juvederm-voluma-2-x-1ml\\\/#primaryimage\",\"url\":\"https:\\\/\\\/dermalcosmetics.com\\\/wp-content\\\/uploads\\\/2021\\\/09\\\/Juvederm-Voluma.jpg\",\"contentUrl\":\"https:\\\/\\\/dermalcosmetics.com\\\/wp-content\\\/uploads\\\/2021\\\/09\\\/Juvederm-Voluma.jpg\",\"width\":600,\"height\":600,\"caption\":\"Juvederm Voluma\"},{\"@type\":\"BreadcrumbList\",\"@id\":\"https:\\\/\\\/dermalcosmetics.com\\\/product\\\/juvederm-voluma-2-x-1ml\\\/#breadcrumb\",\"itemListElement\":[{\"@type\":\"ListItem\",\"position\":1,\"name\":\"Home\",\"item\":\"https:\\\/\\\/dermalcosmetics.com\\\/\"},{\"@type\":\"ListItem\",\"position\":2,\"name\":\"Shop\",\"item\":\"https:\\\/\\\/dermalcosmetics.com\\\/store\\\/\"},{\"@type\":\"ListItem\",\"position\":3,\"name\":\"Juvederm Voluma (2 x 1ml)\"}]},{\"@type\":\"WebSite\",\"@id\":\"https:\\\/\\\/dermalcosmetics.com\\\/#website\",\"url\":\"https:\\\/\\\/dermalcosmetics.com\\\/\",\"name\":\"Dermal Cosmetics\",\"description\":\"High Quality Dermal and Cosmetic Products\",\"potentialAction\":[{\"@type\":\"SearchAction\",\"target\":{\"@type\":\"EntryPoint\",\"urlTemplate\":\"https:\\\/\\\/dermalcosmetics.com\\\/?s={search_term_string}\"},\"query-input\":{\"@type\":\"PropertyValueSpecification\",\"valueRequired\":true,\"valueName\":\"search_term_string\"}}],\"inLanguage\":\"fr-FR\"}]}<\/script>\n<!-- \/ Yoast SEO plugin. -->","yoast_head_json":{"title":"Juvederm Voluma (2 x 1ml) - Cosm\u00e9tique Dermique","description":"Juvederm Voluma approuv\u00e9 par la FDA am\u00e9liore et restaure le volume sous la peau pour rajeunir le visage. Le filler HA Juvederm Voluma red\u00e9finit le contour du visage.","robots":{"index":"index","follow":"follow","max-snippet":"max-snippet:-1","max-image-preview":"max-image-preview:large","max-video-preview":"max-video-preview:-1"},"canonical":"https:\/\/dermalcosmetics.com\/fr\/produit\/juvederm-voluma-2-x-1ml\/","og_locale":"fr_FR","og_type":"article","og_title":"Juvederm Voluma (2 x 1ml) - Dermal Cosmetics","og_description":"FDA-approved Juvederm Voluma enhances and restores volume under the skin to rejuvenate the face. HA filler Juvederm Voluma redefines the facial contour.","og_url":"https:\/\/dermalcosmetics.com\/fr\/produit\/juvederm-voluma-2-x-1ml\/","og_site_name":"Dermal Cosmetics","article_modified_time":"2022-12-14T22:39:15+00:00","og_image":[{"width":600,"height":600,"url":"https:\/\/cdn.dermalcosmetics.com\/wp-content\/uploads\/2021\/09\/Juvederm-Voluma.jpg","type":"image\/jpeg"}],"twitter_card":"summary_large_image","twitter_misc":{"Dur\u00e9e de lecture estim\u00e9e":"1 minute"},"schema":{"@context":"https:\/\/schema.org","@graph":[{"@type":"WebPage","@id":"https:\/\/dermalcosmetics.com\/product\/juvederm-voluma-2-x-1ml\/","url":"https:\/\/dermalcosmetics.com\/product\/juvederm-voluma-2-x-1ml\/","name":"Juvederm Voluma (2 x 1ml) - Cosm\u00e9tique Dermique","isPartOf":{"@id":"https:\/\/dermalcosmetics.com\/#website"},"primaryImageOfPage":{"@id":"https:\/\/dermalcosmetics.com\/product\/juvederm-voluma-2-x-1ml\/#primaryimage"},"image":{"@id":"https:\/\/dermalcosmetics.com\/product\/juvederm-voluma-2-x-1ml\/#primaryimage"},"thumbnailUrl":"https:\/\/cdn.dermalcosmetics.com\/wp-content\/uploads\/2021\/09\/Juvederm-Voluma.jpg","datePublished":"2021-09-03T15:16:58+00:00","dateModified":"2022-12-14T22:39:15+00:00","description":"Juvederm Voluma approuv\u00e9 par la FDA am\u00e9liore et restaure le volume sous la peau pour rajeunir le visage. Le filler HA Juvederm Voluma red\u00e9finit le contour du visage.","breadcrumb":{"@id":"https:\/\/dermalcosmetics.com\/product\/juvederm-voluma-2-x-1ml\/#breadcrumb"},"inLanguage":"fr-FR","potentialAction":[{"@type":"ReadAction","target":["https:\/\/dermalcosmetics.com\/product\/juvederm-voluma-2-x-1ml\/"]}]},{"@type":"ImageObject","inLanguage":"fr-FR","@id":"https:\/\/dermalcosmetics.com\/product\/juvederm-voluma-2-x-1ml\/#primaryimage","url":"https:\/\/cdn.dermalcosmetics.com\/wp-content\/uploads\/2021\/09\/Juvederm-Voluma.jpg","contentUrl":"https:\/\/cdn.dermalcosmetics.com\/wp-content\/uploads\/2021\/09\/Juvederm-Voluma.jpg","width":600,"height":600,"caption":"Juvederm Voluma"},{"@type":"BreadcrumbList","@id":"https:\/\/dermalcosmetics.com\/product\/juvederm-voluma-2-x-1ml\/#breadcrumb","itemListElement":[{"@type":"ListItem","position":1,"name":"Home","item":"https:\/\/dermalcosmetics.com\/"},{"@type":"ListItem","position":2,"name":"Shop","item":"https:\/\/dermalcosmetics.com\/store\/"},{"@type":"ListItem","position":3,"name":"Juvederm Voluma (2 x 1ml)"}]},{"@type":"WebSite","@id":"https:\/\/dermalcosmetics.com\/#website","url":"https:\/\/dermalcosmetics.com\/","name":"Cosm\u00e9tiques cutan\u00e9s","description":"Produits cutan\u00e9s et cosm\u00e9tiques de haute qualit\u00e9","potentialAction":[{"@type":"SearchAction","target":{"@type":"EntryPoint","urlTemplate":"https:\/\/dermalcosmetics.com\/?s={search_term_string}"},"query-input":{"@type":"PropertyValueSpecification","valueRequired":true,"valueName":"search_term_string"}}],"inLanguage":"fr-FR"}]}},"_links":{"self":[{"href":"https:\/\/dermalcosmetics.com\/fr\/wp-json\/wp\/v2\/product\/37310","targetHints":{"allow":["GET"]}}],"collection":[{"href":"https:\/\/dermalcosmetics.com\/fr\/wp-json\/wp\/v2\/product"}],"about":[{"href":"https:\/\/dermalcosmetics.com\/fr\/wp-json\/wp\/v2\/types\/product"}],"replies":[{"embeddable":true,"href":"https:\/\/dermalcosmetics.com\/fr\/wp-json\/wp\/v2\/comments?post=37310"}],"wp:featuredmedia":[{"embeddable":true,"href":"https:\/\/dermalcosmetics.com\/fr\/wp-json\/wp\/v2\/media\/37325"}],"wp:attachment":[{"href":"https:\/\/dermalcosmetics.com\/fr\/wp-json\/wp\/v2\/media?parent=37310"}],"wp:term":[{"taxonomy":"product_brand","embeddable":true,"href":"https:\/\/dermalcosmetics.com\/fr\/wp-json\/wp\/v2\/product_brand?post=37310"},{"taxonomy":"product_cat","embeddable":true,"href":"https:\/\/dermalcosmetics.com\/fr\/wp-json\/wp\/v2\/product_cat?post=37310"},{"taxonomy":"product_tag","embeddable":true,"href":"https:\/\/dermalcosmetics.com\/fr\/wp-json\/wp\/v2\/product_tag?post=37310"}],"curies":[{"name":"wp","href":"https:\/\/api.w.org\/{rel}","templated":true}]}}