{"id":37310,"date":"2021-09-03T18:16:58","date_gmt":"2021-09-03T15:16:58","guid":{"rendered":"https:\/\/dermalcosmetics.com\/?post_type=product&#038;p=37310"},"modified":"2022-12-15T00:39:15","modified_gmt":"2022-12-14T22:39:15","slug":"juvederm-voluma-2-x-1ml","status":"publish","type":"product","link":"https:\/\/dermalcosmetics.com\/es\/producto\/juvederm-voluma-2-x-1ml\/","title":{"rendered":"Juvederm Voluma (2 x 1 ml)"},"content":{"rendered":"<h3>\u00bfC\u00f3mo Juvederm Voluma rejuvenece el rostro?<\/h3>\n<p>A medida que envejecemos, gradualmente comenzamos a perder grasa debajo de la piel de la cara. Eso conduce a una p\u00e9rdida de volumen y que, a su vez, puede provocar la flacidez de la piel. Juvederm Voluma est\u00e1 dise\u00f1ado para agregar volumen en los tejidos blandos debajo de la piel. Al hacerlo, le da al rostro un aspecto m\u00e1s lleno y juvenil. Esta <strong>reduce la flacidez<\/strong> y mejora considerablemente el contorno del rostro.<\/p>\n<p>El principal ingrediente activo de este producto es el \u00e1cido hialur\u00f3nico (HA), una sustancia que se encuentra naturalmente en el cuerpo humano. DECIR AH <u>rejuvenece la piel hidrat\u00e1ndola<\/u>. Cuando se restablece el equilibrio h\u00eddrico de la dermis, el rostro se vuelve m\u00e1s suave. Adem\u00e1s, se potencia considerablemente su elasticidad y tonicidad.<\/p>\n<ul>\n<li>Correcci\u00f3n de flacidez en el rostro.<\/li>\n<li>Restauraci\u00f3n del volumen perdido<\/li>\n<li>Mejora del volumen facial.<\/li>\n<li>Hidrataci\u00f3n de la piel y optimizaci\u00f3n del equilibrio h\u00eddrico.<\/li>\n<li>Redefinici\u00f3n del contorno facial<\/li>\n<\/ul>\n<h3>Solicitud<\/h3>\n<p>Juvederm Voluma de Allergan se aplica profundamente debajo de la piel o bien <em>a trav\u00e9s de una inyecci\u00f3n supraperi\u00f3stica o subcut\u00e1nea<\/em>. Para mayor comodidad del paciente, los m\u00e9dicos pueden administrar anestesia local poco antes de la inyecci\u00f3n. Eso adormecer\u00e1 efectivamente el dolor y otras sensaciones desagradables. El producto se puede aplicar en las siguientes \u00e1reas:<\/p>\n<ul>\n<li>Barbilla<\/li>\n<li>Mand\u00edbula<\/li>\n<li>P\u00f3mulos<\/li>\n<li>Las mejillas<\/li>\n<\/ul>","protected":false},"excerpt":{"rendered":"<p>Dise\u00f1ado y fabricado por Allergan, Juvederm Voluma es un relleno d\u00e9rmico avanzado basado en \u00e1cido hialur\u00f3nico purificado. Aprobado por la FDA, este producto inyectable se aplica en la zona media de la cara para <em>mejorar o restaurar el volumen perdido debajo de la piel<\/em>. El tratamiento mejora eficazmente la forma y el \u00f3valo del rostro durante un m\u00e1ximo de 18 meses. Este confiable producto rejuvenecedor de la piel tambi\u00e9n puede mejorar el contorno facial al agregar definici\u00f3n a la l\u00ednea de la mand\u00edbula.<\/p>","protected":false},"featured_media":37325,"comment_status":"closed","ping_status":"closed","template":"","meta":[],"product_brand":[],"product_cat":[145,207,188],"product_tag":[208],"class_list":{"0":"post-37310","1":"product","2":"type-product","3":"status-publish","4":"has-post-thumbnail","6":"product_cat-dermal-fillers","7":"product_cat-holiday-sale","8":"product_cat-juvederm","9":"product_tag-208","12":"first","13":"instock","14":"sale","15":"taxable","16":"shipping-taxable","17":"purchasable","18":"product-type-simple"},"yoast_head":"<!-- This site is optimized with the Yoast SEO plugin v27.3 - https:\/\/yoast.com\/product\/yoast-seo-wordpress\/ -->\n<title>Juvederm Voluma (2 x 1ml) - Dermal Cosmetics<\/title>\n<meta name=\"description\" content=\"FDA-approved Juvederm Voluma enhances and restores volume under the skin to rejuvenate the face. HA filler Juvederm Voluma redefines the facial contour.\" \/>\n<meta name=\"robots\" content=\"index, follow, max-snippet:-1, max-image-preview:large, max-video-preview:-1\" \/>\n<link rel=\"canonical\" href=\"https:\/\/dermalcosmetics.com\/es\/producto\/juvederm-voluma-2-x-1ml\/\" \/>\n<meta property=\"og:locale\" content=\"es_ES\" \/>\n<meta property=\"og:type\" content=\"article\" \/>\n<meta property=\"og:title\" content=\"Juvederm Voluma (2 x 1ml) - Dermal Cosmetics\" \/>\n<meta property=\"og:description\" content=\"FDA-approved Juvederm Voluma enhances and restores volume under the skin to rejuvenate the face. HA filler Juvederm Voluma redefines the facial contour.\" \/>\n<meta property=\"og:url\" content=\"https:\/\/dermalcosmetics.com\/es\/producto\/juvederm-voluma-2-x-1ml\/\" \/>\n<meta property=\"og:site_name\" content=\"Dermal Cosmetics\" \/>\n<meta property=\"article:modified_time\" content=\"2022-12-14T22:39:15+00:00\" \/>\n<meta property=\"og:image\" content=\"https:\/\/cdn.dermalcosmetics.com\/wp-content\/uploads\/2021\/09\/Juvederm-Voluma.jpg\" \/>\n\t<meta property=\"og:image:width\" content=\"600\" \/>\n\t<meta property=\"og:image:height\" content=\"600\" \/>\n\t<meta property=\"og:image:type\" content=\"image\/jpeg\" \/>\n<meta name=\"twitter:card\" content=\"summary_large_image\" \/>\n<meta name=\"twitter:label1\" content=\"Tiempo de lectura\" \/>\n\t<meta name=\"twitter:data1\" content=\"1 minuto\" \/>\n<script type=\"application\/ld+json\" class=\"yoast-schema-graph\">{\"@context\":\"https:\\\/\\\/schema.org\",\"@graph\":[{\"@type\":\"WebPage\",\"@id\":\"https:\\\/\\\/dermalcosmetics.com\\\/product\\\/juvederm-voluma-2-x-1ml\\\/\",\"url\":\"https:\\\/\\\/dermalcosmetics.com\\\/product\\\/juvederm-voluma-2-x-1ml\\\/\",\"name\":\"Juvederm Voluma (2 x 1ml) - Dermal Cosmetics\",\"isPartOf\":{\"@id\":\"https:\\\/\\\/dermalcosmetics.com\\\/#website\"},\"primaryImageOfPage\":{\"@id\":\"https:\\\/\\\/dermalcosmetics.com\\\/product\\\/juvederm-voluma-2-x-1ml\\\/#primaryimage\"},\"image\":{\"@id\":\"https:\\\/\\\/dermalcosmetics.com\\\/product\\\/juvederm-voluma-2-x-1ml\\\/#primaryimage\"},\"thumbnailUrl\":\"https:\\\/\\\/dermalcosmetics.com\\\/wp-content\\\/uploads\\\/2021\\\/09\\\/Juvederm-Voluma.jpg\",\"datePublished\":\"2021-09-03T15:16:58+00:00\",\"dateModified\":\"2022-12-14T22:39:15+00:00\",\"description\":\"FDA-approved Juvederm Voluma enhances and restores volume under the skin to rejuvenate the face. HA filler Juvederm Voluma redefines the facial contour.\",\"breadcrumb\":{\"@id\":\"https:\\\/\\\/dermalcosmetics.com\\\/product\\\/juvederm-voluma-2-x-1ml\\\/#breadcrumb\"},\"inLanguage\":\"es\",\"potentialAction\":[{\"@type\":\"ReadAction\",\"target\":[\"https:\\\/\\\/dermalcosmetics.com\\\/product\\\/juvederm-voluma-2-x-1ml\\\/\"]}]},{\"@type\":\"ImageObject\",\"inLanguage\":\"es\",\"@id\":\"https:\\\/\\\/dermalcosmetics.com\\\/product\\\/juvederm-voluma-2-x-1ml\\\/#primaryimage\",\"url\":\"https:\\\/\\\/dermalcosmetics.com\\\/wp-content\\\/uploads\\\/2021\\\/09\\\/Juvederm-Voluma.jpg\",\"contentUrl\":\"https:\\\/\\\/dermalcosmetics.com\\\/wp-content\\\/uploads\\\/2021\\\/09\\\/Juvederm-Voluma.jpg\",\"width\":600,\"height\":600,\"caption\":\"Juvederm Voluma\"},{\"@type\":\"BreadcrumbList\",\"@id\":\"https:\\\/\\\/dermalcosmetics.com\\\/product\\\/juvederm-voluma-2-x-1ml\\\/#breadcrumb\",\"itemListElement\":[{\"@type\":\"ListItem\",\"position\":1,\"name\":\"Home\",\"item\":\"https:\\\/\\\/dermalcosmetics.com\\\/\"},{\"@type\":\"ListItem\",\"position\":2,\"name\":\"Shop\",\"item\":\"https:\\\/\\\/dermalcosmetics.com\\\/store\\\/\"},{\"@type\":\"ListItem\",\"position\":3,\"name\":\"Juvederm Voluma (2 x 1ml)\"}]},{\"@type\":\"WebSite\",\"@id\":\"https:\\\/\\\/dermalcosmetics.com\\\/#website\",\"url\":\"https:\\\/\\\/dermalcosmetics.com\\\/\",\"name\":\"Dermal Cosmetics\",\"description\":\"High Quality Dermal and Cosmetic Products\",\"potentialAction\":[{\"@type\":\"SearchAction\",\"target\":{\"@type\":\"EntryPoint\",\"urlTemplate\":\"https:\\\/\\\/dermalcosmetics.com\\\/?s={search_term_string}\"},\"query-input\":{\"@type\":\"PropertyValueSpecification\",\"valueRequired\":true,\"valueName\":\"search_term_string\"}}],\"inLanguage\":\"es\"}]}<\/script>\n<!-- \/ Yoast SEO plugin. -->","yoast_head_json":{"title":"Juvederm Voluma (2 x 1ml) - Cosm\u00e9ticos d\u00e9rmicos","description":"Juvederm Voluma, aprobado por la FDA, mejora y restaura el volumen debajo de la piel para rejuvenecer el rostro. El relleno de HA Juvederm Voluma redefine el contorno facial.","robots":{"index":"index","follow":"follow","max-snippet":"max-snippet:-1","max-image-preview":"max-image-preview:large","max-video-preview":"max-video-preview:-1"},"canonical":"https:\/\/dermalcosmetics.com\/es\/producto\/juvederm-voluma-2-x-1ml\/","og_locale":"es_ES","og_type":"article","og_title":"Juvederm Voluma (2 x 1ml) - Dermal Cosmetics","og_description":"FDA-approved Juvederm Voluma enhances and restores volume under the skin to rejuvenate the face. HA filler Juvederm Voluma redefines the facial contour.","og_url":"https:\/\/dermalcosmetics.com\/es\/producto\/juvederm-voluma-2-x-1ml\/","og_site_name":"Dermal Cosmetics","article_modified_time":"2022-12-14T22:39:15+00:00","og_image":[{"width":600,"height":600,"url":"https:\/\/cdn.dermalcosmetics.com\/wp-content\/uploads\/2021\/09\/Juvederm-Voluma.jpg","type":"image\/jpeg"}],"twitter_card":"summary_large_image","twitter_misc":{"Tiempo de lectura":"1 minuto"},"schema":{"@context":"https:\/\/schema.org","@graph":[{"@type":"WebPage","@id":"https:\/\/dermalcosmetics.com\/product\/juvederm-voluma-2-x-1ml\/","url":"https:\/\/dermalcosmetics.com\/product\/juvederm-voluma-2-x-1ml\/","name":"Juvederm Voluma (2 x 1ml) - Cosm\u00e9ticos d\u00e9rmicos","isPartOf":{"@id":"https:\/\/dermalcosmetics.com\/#website"},"primaryImageOfPage":{"@id":"https:\/\/dermalcosmetics.com\/product\/juvederm-voluma-2-x-1ml\/#primaryimage"},"image":{"@id":"https:\/\/dermalcosmetics.com\/product\/juvederm-voluma-2-x-1ml\/#primaryimage"},"thumbnailUrl":"https:\/\/cdn.dermalcosmetics.com\/wp-content\/uploads\/2021\/09\/Juvederm-Voluma.jpg","datePublished":"2021-09-03T15:16:58+00:00","dateModified":"2022-12-14T22:39:15+00:00","description":"Juvederm Voluma, aprobado por la FDA, mejora y restaura el volumen debajo de la piel para rejuvenecer el rostro. El relleno de HA Juvederm Voluma redefine el contorno facial.","breadcrumb":{"@id":"https:\/\/dermalcosmetics.com\/product\/juvederm-voluma-2-x-1ml\/#breadcrumb"},"inLanguage":"es","potentialAction":[{"@type":"ReadAction","target":["https:\/\/dermalcosmetics.com\/product\/juvederm-voluma-2-x-1ml\/"]}]},{"@type":"ImageObject","inLanguage":"es","@id":"https:\/\/dermalcosmetics.com\/product\/juvederm-voluma-2-x-1ml\/#primaryimage","url":"https:\/\/cdn.dermalcosmetics.com\/wp-content\/uploads\/2021\/09\/Juvederm-Voluma.jpg","contentUrl":"https:\/\/cdn.dermalcosmetics.com\/wp-content\/uploads\/2021\/09\/Juvederm-Voluma.jpg","width":600,"height":600,"caption":"Juvederm Voluma"},{"@type":"BreadcrumbList","@id":"https:\/\/dermalcosmetics.com\/product\/juvederm-voluma-2-x-1ml\/#breadcrumb","itemListElement":[{"@type":"ListItem","position":1,"name":"Home","item":"https:\/\/dermalcosmetics.com\/"},{"@type":"ListItem","position":2,"name":"Shop","item":"https:\/\/dermalcosmetics.com\/store\/"},{"@type":"ListItem","position":3,"name":"Juvederm Voluma (2 x 1ml)"}]},{"@type":"WebSite","@id":"https:\/\/dermalcosmetics.com\/#website","url":"https:\/\/dermalcosmetics.com\/","name":"Cosm\u00e9ticos d\u00e9rmicos","description":"Productos d\u00e9rmicos y cosm\u00e9ticos de alta calidad","potentialAction":[{"@type":"SearchAction","target":{"@type":"EntryPoint","urlTemplate":"https:\/\/dermalcosmetics.com\/?s={search_term_string}"},"query-input":{"@type":"PropertyValueSpecification","valueRequired":true,"valueName":"search_term_string"}}],"inLanguage":"es"}]}},"_links":{"self":[{"href":"https:\/\/dermalcosmetics.com\/es\/wp-json\/wp\/v2\/product\/37310","targetHints":{"allow":["GET"]}}],"collection":[{"href":"https:\/\/dermalcosmetics.com\/es\/wp-json\/wp\/v2\/product"}],"about":[{"href":"https:\/\/dermalcosmetics.com\/es\/wp-json\/wp\/v2\/types\/product"}],"replies":[{"embeddable":true,"href":"https:\/\/dermalcosmetics.com\/es\/wp-json\/wp\/v2\/comments?post=37310"}],"wp:featuredmedia":[{"embeddable":true,"href":"https:\/\/dermalcosmetics.com\/es\/wp-json\/wp\/v2\/media\/37325"}],"wp:attachment":[{"href":"https:\/\/dermalcosmetics.com\/es\/wp-json\/wp\/v2\/media?parent=37310"}],"wp:term":[{"taxonomy":"product_brand","embeddable":true,"href":"https:\/\/dermalcosmetics.com\/es\/wp-json\/wp\/v2\/product_brand?post=37310"},{"taxonomy":"product_cat","embeddable":true,"href":"https:\/\/dermalcosmetics.com\/es\/wp-json\/wp\/v2\/product_cat?post=37310"},{"taxonomy":"product_tag","embeddable":true,"href":"https:\/\/dermalcosmetics.com\/es\/wp-json\/wp\/v2\/product_tag?post=37310"}],"curies":[{"name":"gracias","href":"https:\/\/api.w.org\/{rel}","templated":true}]}}