{"id":18415,"date":"2019-07-26T09:57:09","date_gmt":"2019-07-26T06:57:09","guid":{"rendered":"https:\/\/dermalcosmetics.com\/?post_type=product&#038;p=18415"},"modified":"2025-10-16T14:56:11","modified_gmt":"2025-10-16T11:56:11","slug":"jalupro-2-amps-2-vials","status":"publish","type":"product","link":"https:\/\/dermalcosmetics.com\/es\/producto\/jalupro-2-amps-2-vials\/","title":{"rendered":"Jalupro (2 amperios + 2 viales)"},"content":{"rendered":"<p>La falta de hidrataci\u00f3n adecuada es el factor principal para la aparici\u00f3n de arrugas y l\u00edneas de piel. El factor principal es el envejecimiento, el secundario - fotoenvejecimiento, el resultado de la exposici\u00f3n al sol, el efecto de la luz ultravioleta o varios tipos de tratamientos con l\u00e1ser y luz para la piel. Este \u00faltimo tambi\u00e9n amplific\u00f3 el efecto nocivo de los radicales libres. El resultado: envejecimiento prematuro de la piel.<\/p>\n<h3>\u00bfC\u00f3mo act\u00faa la mesoterapia Jalupro?<\/h3>\n<p>Con la inyecci\u00f3n de Jalupro, la piel recibir\u00e1 una dosis saludable de <strong>Hialuronato de sodio<\/strong>, lo que le ayudar\u00e1 a restablecer el equilibrio de hidrataci\u00f3n natural a niveles adecuados, mejorando la elasticidad y suavidad durante un per\u00edodo prolongado de tiempo. Este efecto beneficioso se combina con la inclusi\u00f3n de una selecci\u00f3n de amino\u00e1cidos. Su efecto combinado no solo proporciona humedad a la piel, sino que tambi\u00e9n aumenta enormemente el efecto rejuvenecedor natural de la piel de los fibroblastos, estimul\u00e1ndolos as\u00ed a producir cantidades mucho mayores de col\u00e1geno. Esto no solo beneficia <span style=\"text-decoration: underline;\">hidrataci\u00f3n de la piel<\/span> pero tambi\u00e9n ayuda amplificando las propiedades de autocuraci\u00f3n de la piel, ayudando a los pacientes con piel da\u00f1ada - <em>una ocurrencia com\u00fan en personas con piel seca<\/em>.<\/p>\n<p>Como producto de mesoterapia, Jalupro es ideal no solo para el rostro, sino para todo el cuerpo. La soluci\u00f3n meso puede inyectarse con \u00e9xito para rejuvenecer la piel de las zonas del cuello, pero tambi\u00e9n las manos, las rodillas y el abdomen.<\/p>\n<h3>Soluci\u00f3n segura<\/h3>\n<p>Dado que el producto de mesoterapia es principalmente hialuronato de sodio (la sal de sodio de <strong>\u00c1cido hialur\u00f3nico<\/strong>) que es natural para el cuerpo humano (pero de origen no animal en Jalupro) y amino\u00e1cidos, el producto es completamente biocompatible y no propenso a efectos secundarios adversos.<\/p>","protected":false},"excerpt":{"rendered":"<p>Jalupro es uno de los mejores productos de mesoterapia del mercado en cuanto a <span style=\"text-decoration: underline;\">tratamiento eficaz anti-edad de la piel<\/span>. Esta es una de las soluciones meso preferidas para la eliminaci\u00f3n de arrugas superficiales y l\u00edneas de la piel, adem\u00e1s de potenciar el estado general de la piel, mejorando su elasticidad y suavidad. <strong>Jalupro<\/strong> combin\u00f3 las excelentes propiedades hidratantes del hialuronato de sodio con el efecto beneficioso de los amino\u00e1cidos, incluyendo L-Lisina, L-Prolina, L-Leucina.<\/p>","protected":false},"featured_media":18417,"comment_status":"closed","ping_status":"closed","template":"","meta":[],"product_brand":[],"product_cat":[207,176,159],"product_tag":[208],"class_list":{"0":"post-18415","1":"product","2":"type-product","3":"status-publish","4":"has-post-thumbnail","6":"product_cat-holiday-sale","7":"product_cat-jalupro","8":"product_cat-mesotherapy","9":"product_tag-208","12":"first","13":"outofstock","14":"sale","15":"taxable","16":"shipping-taxable","17":"purchasable","18":"product-type-simple"},"yoast_head":"<!-- This site is optimized with the Yoast SEO plugin v27.3 - https:\/\/yoast.com\/product\/yoast-seo-wordpress\/ -->\n<title>Jalupro (2 amps + 2 vials) - Dermal Cosmetics<\/title>\n<meta name=\"description\" content=\"Jalupro is a revolutionary mesotherapy product, which offers wrinkle removal, skin hydration and nutrition and lasting anti-age therapy.\" \/>\n<meta name=\"robots\" content=\"index, follow, max-snippet:-1, max-image-preview:large, max-video-preview:-1\" \/>\n<link rel=\"canonical\" href=\"https:\/\/dermalcosmetics.com\/es\/producto\/jalupro-2-amps-2-vials\/\" \/>\n<meta property=\"og:locale\" content=\"es_ES\" \/>\n<meta property=\"og:type\" content=\"article\" \/>\n<meta property=\"og:title\" content=\"Jalupro (2 amps + 2 vials) - Dermal Cosmetics\" \/>\n<meta property=\"og:description\" content=\"Jalupro is a revolutionary mesotherapy product, which offers wrinkle removal, skin hydration and nutrition and lasting anti-age therapy.\" \/>\n<meta property=\"og:url\" content=\"https:\/\/dermalcosmetics.com\/es\/producto\/jalupro-2-amps-2-vials\/\" \/>\n<meta property=\"og:site_name\" content=\"Dermal Cosmetics\" \/>\n<meta property=\"article:modified_time\" content=\"2025-10-16T11:56:11+00:00\" \/>\n<meta property=\"og:image\" content=\"https:\/\/cdn.dermalcosmetics.com\/wp-content\/uploads\/2019\/07\/Jalupro.jpg\" \/>\n\t<meta property=\"og:image:width\" content=\"600\" \/>\n\t<meta property=\"og:image:height\" content=\"600\" \/>\n\t<meta property=\"og:image:type\" content=\"image\/jpeg\" \/>\n<meta name=\"twitter:card\" content=\"summary_large_image\" \/>\n<meta name=\"twitter:label1\" content=\"Tiempo de lectura\" \/>\n\t<meta name=\"twitter:data1\" content=\"1 minuto\" \/>\n<script type=\"application\/ld+json\" class=\"yoast-schema-graph\">{\"@context\":\"https:\\\/\\\/schema.org\",\"@graph\":[{\"@type\":\"WebPage\",\"@id\":\"https:\\\/\\\/dermalcosmetics.com\\\/product\\\/jalupro-2-amps-2-vials\\\/\",\"url\":\"https:\\\/\\\/dermalcosmetics.com\\\/product\\\/jalupro-2-amps-2-vials\\\/\",\"name\":\"Jalupro (2 amps + 2 vials) - Dermal Cosmetics\",\"isPartOf\":{\"@id\":\"https:\\\/\\\/dermalcosmetics.com\\\/#website\"},\"primaryImageOfPage\":{\"@id\":\"https:\\\/\\\/dermalcosmetics.com\\\/product\\\/jalupro-2-amps-2-vials\\\/#primaryimage\"},\"image\":{\"@id\":\"https:\\\/\\\/dermalcosmetics.com\\\/product\\\/jalupro-2-amps-2-vials\\\/#primaryimage\"},\"thumbnailUrl\":\"https:\\\/\\\/dermalcosmetics.com\\\/wp-content\\\/uploads\\\/2019\\\/07\\\/Jalupro.jpg\",\"datePublished\":\"2019-07-26T06:57:09+00:00\",\"dateModified\":\"2025-10-16T11:56:11+00:00\",\"description\":\"Jalupro is a revolutionary mesotherapy product, which offers wrinkle removal, skin hydration and nutrition and lasting anti-age therapy.\",\"breadcrumb\":{\"@id\":\"https:\\\/\\\/dermalcosmetics.com\\\/product\\\/jalupro-2-amps-2-vials\\\/#breadcrumb\"},\"inLanguage\":\"es\",\"potentialAction\":[{\"@type\":\"ReadAction\",\"target\":[\"https:\\\/\\\/dermalcosmetics.com\\\/product\\\/jalupro-2-amps-2-vials\\\/\"]}]},{\"@type\":\"ImageObject\",\"inLanguage\":\"es\",\"@id\":\"https:\\\/\\\/dermalcosmetics.com\\\/product\\\/jalupro-2-amps-2-vials\\\/#primaryimage\",\"url\":\"https:\\\/\\\/dermalcosmetics.com\\\/wp-content\\\/uploads\\\/2019\\\/07\\\/Jalupro.jpg\",\"contentUrl\":\"https:\\\/\\\/dermalcosmetics.com\\\/wp-content\\\/uploads\\\/2019\\\/07\\\/Jalupro.jpg\",\"width\":600,\"height\":600,\"caption\":\"Jalupro\"},{\"@type\":\"BreadcrumbList\",\"@id\":\"https:\\\/\\\/dermalcosmetics.com\\\/product\\\/jalupro-2-amps-2-vials\\\/#breadcrumb\",\"itemListElement\":[{\"@type\":\"ListItem\",\"position\":1,\"name\":\"Home\",\"item\":\"https:\\\/\\\/dermalcosmetics.com\\\/\"},{\"@type\":\"ListItem\",\"position\":2,\"name\":\"Shop\",\"item\":\"https:\\\/\\\/dermalcosmetics.com\\\/store\\\/\"},{\"@type\":\"ListItem\",\"position\":3,\"name\":\"Jalupro (2 amps + 2 vials)\"}]},{\"@type\":\"WebSite\",\"@id\":\"https:\\\/\\\/dermalcosmetics.com\\\/#website\",\"url\":\"https:\\\/\\\/dermalcosmetics.com\\\/\",\"name\":\"Dermal Cosmetics\",\"description\":\"High Quality Dermal and Cosmetic Products\",\"potentialAction\":[{\"@type\":\"SearchAction\",\"target\":{\"@type\":\"EntryPoint\",\"urlTemplate\":\"https:\\\/\\\/dermalcosmetics.com\\\/?s={search_term_string}\"},\"query-input\":{\"@type\":\"PropertyValueSpecification\",\"valueRequired\":true,\"valueName\":\"search_term_string\"}}],\"inLanguage\":\"es\"}]}<\/script>\n<!-- \/ Yoast SEO plugin. -->","yoast_head_json":{"title":"Jalupro (2 amps + 2 viales) - Cosm\u00e9tica d\u00e9rmica","description":"Jalupro es un revolucionario producto de mesoterapia, que ofrece eliminaci\u00f3n de arrugas, hidrataci\u00f3n y nutrici\u00f3n de la piel y una terapia antiedad duradera.","robots":{"index":"index","follow":"follow","max-snippet":"max-snippet:-1","max-image-preview":"max-image-preview:large","max-video-preview":"max-video-preview:-1"},"canonical":"https:\/\/dermalcosmetics.com\/es\/producto\/jalupro-2-amps-2-vials\/","og_locale":"es_ES","og_type":"article","og_title":"Jalupro (2 amps + 2 vials) - Dermal Cosmetics","og_description":"Jalupro is a revolutionary mesotherapy product, which offers wrinkle removal, skin hydration and nutrition and lasting anti-age therapy.","og_url":"https:\/\/dermalcosmetics.com\/es\/producto\/jalupro-2-amps-2-vials\/","og_site_name":"Dermal Cosmetics","article_modified_time":"2025-10-16T11:56:11+00:00","og_image":[{"width":600,"height":600,"url":"https:\/\/cdn.dermalcosmetics.com\/wp-content\/uploads\/2019\/07\/Jalupro.jpg","type":"image\/jpeg"}],"twitter_card":"summary_large_image","twitter_misc":{"Tiempo de lectura":"1 minuto"},"schema":{"@context":"https:\/\/schema.org","@graph":[{"@type":"WebPage","@id":"https:\/\/dermalcosmetics.com\/product\/jalupro-2-amps-2-vials\/","url":"https:\/\/dermalcosmetics.com\/product\/jalupro-2-amps-2-vials\/","name":"Jalupro (2 amps + 2 viales) - Cosm\u00e9tica d\u00e9rmica","isPartOf":{"@id":"https:\/\/dermalcosmetics.com\/#website"},"primaryImageOfPage":{"@id":"https:\/\/dermalcosmetics.com\/product\/jalupro-2-amps-2-vials\/#primaryimage"},"image":{"@id":"https:\/\/dermalcosmetics.com\/product\/jalupro-2-amps-2-vials\/#primaryimage"},"thumbnailUrl":"https:\/\/cdn.dermalcosmetics.com\/wp-content\/uploads\/2019\/07\/Jalupro.jpg","datePublished":"2019-07-26T06:57:09+00:00","dateModified":"2025-10-16T11:56:11+00:00","description":"Jalupro es un revolucionario producto de mesoterapia, que ofrece eliminaci\u00f3n de arrugas, hidrataci\u00f3n y nutrici\u00f3n de la piel y una terapia antiedad duradera.","breadcrumb":{"@id":"https:\/\/dermalcosmetics.com\/product\/jalupro-2-amps-2-vials\/#breadcrumb"},"inLanguage":"es","potentialAction":[{"@type":"ReadAction","target":["https:\/\/dermalcosmetics.com\/product\/jalupro-2-amps-2-vials\/"]}]},{"@type":"ImageObject","inLanguage":"es","@id":"https:\/\/dermalcosmetics.com\/product\/jalupro-2-amps-2-vials\/#primaryimage","url":"https:\/\/cdn.dermalcosmetics.com\/wp-content\/uploads\/2019\/07\/Jalupro.jpg","contentUrl":"https:\/\/cdn.dermalcosmetics.com\/wp-content\/uploads\/2019\/07\/Jalupro.jpg","width":600,"height":600,"caption":"Jalupro"},{"@type":"BreadcrumbList","@id":"https:\/\/dermalcosmetics.com\/product\/jalupro-2-amps-2-vials\/#breadcrumb","itemListElement":[{"@type":"ListItem","position":1,"name":"Home","item":"https:\/\/dermalcosmetics.com\/"},{"@type":"ListItem","position":2,"name":"Shop","item":"https:\/\/dermalcosmetics.com\/store\/"},{"@type":"ListItem","position":3,"name":"Jalupro (2 amps + 2 vials)"}]},{"@type":"WebSite","@id":"https:\/\/dermalcosmetics.com\/#website","url":"https:\/\/dermalcosmetics.com\/","name":"Cosm\u00e9ticos d\u00e9rmicos","description":"Productos d\u00e9rmicos y cosm\u00e9ticos de alta calidad","potentialAction":[{"@type":"SearchAction","target":{"@type":"EntryPoint","urlTemplate":"https:\/\/dermalcosmetics.com\/?s={search_term_string}"},"query-input":{"@type":"PropertyValueSpecification","valueRequired":true,"valueName":"search_term_string"}}],"inLanguage":"es"}]}},"_links":{"self":[{"href":"https:\/\/dermalcosmetics.com\/es\/wp-json\/wp\/v2\/product\/18415","targetHints":{"allow":["GET"]}}],"collection":[{"href":"https:\/\/dermalcosmetics.com\/es\/wp-json\/wp\/v2\/product"}],"about":[{"href":"https:\/\/dermalcosmetics.com\/es\/wp-json\/wp\/v2\/types\/product"}],"replies":[{"embeddable":true,"href":"https:\/\/dermalcosmetics.com\/es\/wp-json\/wp\/v2\/comments?post=18415"}],"wp:featuredmedia":[{"embeddable":true,"href":"https:\/\/dermalcosmetics.com\/es\/wp-json\/wp\/v2\/media\/18417"}],"wp:attachment":[{"href":"https:\/\/dermalcosmetics.com\/es\/wp-json\/wp\/v2\/media?parent=18415"}],"wp:term":[{"taxonomy":"product_brand","embeddable":true,"href":"https:\/\/dermalcosmetics.com\/es\/wp-json\/wp\/v2\/product_brand?post=18415"},{"taxonomy":"product_cat","embeddable":true,"href":"https:\/\/dermalcosmetics.com\/es\/wp-json\/wp\/v2\/product_cat?post=18415"},{"taxonomy":"product_tag","embeddable":true,"href":"https:\/\/dermalcosmetics.com\/es\/wp-json\/wp\/v2\/product_tag?post=18415"}],"curies":[{"name":"gracias","href":"https:\/\/api.w.org\/{rel}","templated":true}]}}